{"id":1382,"date":"2021-12-18T10:23:56","date_gmt":"2021-12-18T10:23:56","guid":{"rendered":"http:\/\/www.hotelprichovice.cz.uvirt118.active24.cz\/centrum-informacyjne\/"},"modified":"2021-12-28T07:19:59","modified_gmt":"2021-12-28T07:19:59","slug":"centrum-informacyjne","status":"publish","type":"page","link":"https:\/\/hotelprichovice.cz\/pl\/centrum-informacyjne\/","title":{"rendered":"Centrum Informacyjne"},"content":{"rendered":"\t\t<div data-elementor-type=\"wp-page\" data-elementor-id=\"1382\" class=\"elementor elementor-1382 elementor-583\" data-elementor-post-type=\"page\">\n\t\t\t\t\t\t<section class=\"elementor-section elementor-top-section elementor-element elementor-element-1229eb6 elementor-section-height-min-height elementor-section-boxed elementor-section-height-default elementor-section-items-middle\" data-id=\"1229eb6\" data-element_type=\"section\" data-settings=\"{&quot;background_background&quot;:&quot;classic&quot;}\">\n\t\t\t\t\t\t<div class=\"elementor-container elementor-column-gap-default\">\n\t\t\t\t\t<div class=\"elementor-column elementor-col-100 elementor-top-column elementor-element elementor-element-1a15f21\" data-id=\"1a15f21\" data-element_type=\"column\" data-settings=\"{&quot;background_background&quot;:&quot;classic&quot;}\">\n\t\t\t<div class=\"elementor-widget-wrap\">\n\t\t\t\t\t\t\t<\/div>\n\t\t<\/div>\n\t\t\t\t\t<\/div>\n\t\t<\/section>\n\t\t\t\t<section class=\"elementor-section elementor-top-section elementor-element elementor-element-274a186 elementor-section-boxed elementor-section-height-default elementor-section-height-default\" data-id=\"274a186\" data-element_type=\"section\">\n\t\t\t\t\t\t<div class=\"elementor-container elementor-column-gap-default\">\n\t\t\t\t\t<div class=\"elementor-column elementor-col-100 elementor-top-column elementor-element elementor-element-b610a8a\" data-id=\"b610a8a\" data-element_type=\"column\">\n\t\t\t<div class=\"elementor-widget-wrap elementor-element-populated\">\n\t\t\t\t\t\t<div class=\"elementor-element elementor-element-4a1089b elementor-widget elementor-widget-heading\" data-id=\"4a1089b\" data-element_type=\"widget\" data-widget_type=\"heading.default\">\n\t\t\t\t\t<h1 class=\"elementor-heading-title elementor-size-default\">Centrum Informacyjne<\/h1>\t\t\t\t<\/div>\n\t\t\t\t\t<\/div>\n\t\t<\/div>\n\t\t\t\t\t<\/div>\n\t\t<\/section>\n\t\t\t\t<section class=\"elementor-section elementor-top-section elementor-element elementor-element-45c8435 elementor-section-boxed elementor-section-height-default elementor-section-height-default\" data-id=\"45c8435\" data-element_type=\"section\">\n\t\t\t\t\t\t<div class=\"elementor-container elementor-column-gap-default\">\n\t\t\t\t\t<div class=\"elementor-column elementor-col-50 elementor-top-column elementor-element elementor-element-726fcef\" data-id=\"726fcef\" data-element_type=\"column\">\n\t\t\t<div class=\"elementor-widget-wrap elementor-element-populated\">\n\t\t\t\t\t\t<div class=\"elementor-element elementor-element-92ae7ad elementor-widget elementor-widget-text-editor\" data-id=\"92ae7ad\" data-element_type=\"widget\" data-widget_type=\"text-editor.default\">\n\t\t\t\t\t\t\t\t\t<p>Hotel P\u0159\u00edchovice znajduje si\u0119 w <strong>Centrum Informacyjnym Korenov<\/strong>.<\/p>\n<p><strong>Godziny pracy<\/strong><br \/>Poniedzia\u0142ek &#8211; S\u0142o\u0144ce: od 09:00 do 17:00 (w tym \u015bwi\u0119ta pa\u0144stwowe)<\/p>\n<p><strong>Adres kontaktowy:<\/strong><br \/>IC Ko\u0159enov \u2013 Jizerky pro V\u00e1s<br \/>Ko\u0159enov 480, 468 49<br \/>tel.: <a href=\"http:\/\/tel.+420725805266\">+420 725 805 266<\/a><br \/>mail: <a href=\"mailto:ic@jizerkyprovas.cz\">ic@jizerkyprovas.cz<\/a><\/p>\n<p>Link do mapy <a href=\"https:\/\/mapy.cz\/s\/fabojeteku\" target=\"_blank\" rel=\"noopener\">tutaj<\/a><br \/>Wsp\u00f3\u0142rz\u0119dne GPS: Loc: 50\u00b045\u201917.362\u2033N, 15\u00b021\u201929.979\u2033E<\/p>\n<h3><strong>Centrum Informacji udziela informacji na temat:<\/strong><\/h3>\n<ul>\n<li>Korenov i region<\/li>\n<li>Lokalizacja firm, w tym zakres us\u0142ug<\/li>\n<li>Pomniki przyrody i kultury<\/li>\n<li>Rozk\u0142ady jazdy \u010cD (poci\u0105gi) i \u010cSAD (Busy)<\/li>\n<\/ul>\n<h3><strong>Dla ofert sprzeda\u017cy:<\/strong><\/h3>\n<ul>\n<li>Znaczek turystyczny nr 32 \u0160t\u011bp\u00e1nka <\/li>\n<li>Znaczek turystyczny nr 2081 Kaplica Tesarowo <\/li>\n<li>Znaczek turystyczny nr 1530 &#8211; Tanvald &#8211; Korenov<\/li>\n<li>Podr\u00f3\u017cuj\u0105ce logopasy<\/li>\n<li>Kalendarze (G\u00f3ry Izerskie)<\/li>\n<li>Mapy turystyczne, mapy zimowe, mapy rowerowe<\/li>\n<li>Broszury o G\u00f3rach Izerskich <\/li>\n<li>Atrakcje przyrodnicze &#8211; broszury<\/li>\n<li>Poczt\u00f3wki z Korenova i G\u00f3r Izerskich <\/li>\n<li>Znaczki pocztowe<\/li>\n<li>Kitl&#8217;s \u0160l\u00e1ftru\u0148k, Kitl&#8217;s \u017divotabudi\u010d<\/li>\n<li>Krakono\u0161skie herbaty zio\u0142owe<\/li>\n<li>Upominki<\/li>\n<li>Artyku\u0142y upominkowe<\/li>\n<li>Dzienniki turystyczne<\/li>\n<li>Sprzeda\u017c koralik\u00f3w i bi\u017cuterii<\/li>\n<li>OPS Jizerky naklejki dla Ciebie<\/li>\n<\/ul>\n\t\t\t\t\t\t\t\t<\/div>\n\t\t\t\t<div class=\"elementor-element elementor-element-be406e6 elementor-widget elementor-widget-html\" data-id=\"be406e6\" data-element_type=\"widget\" data-widget_type=\"html.default\">\n\t\t\t\t\t<iframe style=\"border:none\" src=\"https:\/\/frame.mapy.cz\/s\/lodecukega\" width=\"400\" height=\"280\" frameborder=\"0\"><\/iframe>\t\t\t\t<\/div>\n\t\t\t\t\t<\/div>\n\t\t<\/div>\n\t\t\t\t<div class=\"elementor-column elementor-col-50 elementor-top-column elementor-element elementor-element-4916ecf\" data-id=\"4916ecf\" data-element_type=\"column\">\n\t\t\t<div class=\"elementor-widget-wrap elementor-element-populated\">\n\t\t\t\t\t\t<div class=\"elementor-element elementor-element-3ee8a9d elementor-widget elementor-widget-gallery\" data-id=\"3ee8a9d\" data-element_type=\"widget\" data-settings=\"{&quot;gallery_layout&quot;:&quot;justified&quot;,&quot;ideal_row_height&quot;:{&quot;unit&quot;:&quot;px&quot;,&quot;size&quot;:300,&quot;sizes&quot;:[]},&quot;lazyload&quot;:&quot;yes&quot;,&quot;ideal_row_height_tablet&quot;:{&quot;unit&quot;:&quot;px&quot;,&quot;size&quot;:150,&quot;sizes&quot;:[]},&quot;ideal_row_height_mobile&quot;:{&quot;unit&quot;:&quot;px&quot;,&quot;size&quot;:150,&quot;sizes&quot;:[]},&quot;gap&quot;:{&quot;unit&quot;:&quot;px&quot;,&quot;size&quot;:10,&quot;sizes&quot;:[]},&quot;gap_tablet&quot;:{&quot;unit&quot;:&quot;px&quot;,&quot;size&quot;:10,&quot;sizes&quot;:[]},&quot;gap_mobile&quot;:{&quot;unit&quot;:&quot;px&quot;,&quot;size&quot;:10,&quot;sizes&quot;:[]},&quot;link_to&quot;:&quot;file&quot;,&quot;overlay_background&quot;:&quot;yes&quot;,&quot;content_hover_animation&quot;:&quot;fade-in&quot;}\" data-widget_type=\"gallery.default\">\n\t\t\t\t\t\t\t<div class=\"elementor-gallery__container\">\n\t\t\t\t\t\t\t<a class=\"e-gallery-item elementor-gallery-item elementor-animated-content\" href=\"https:\/\/hotelprichovice.cz\/wp-content\/uploads\/2021\/12\/267956129_452016493218851_6630428753591973000_n-1.jpg\" data-elementor-open-lightbox=\"yes\" data-elementor-lightbox-slideshow=\"3ee8a9d\" data-elementor-lightbox-title=\"267956129_452016493218851_6630428753591973000_n (1)\" data-e-action-hash=\"#elementor-action%3Aaction%3Dlightbox%26settings%3DeyJpZCI6OTA5LCJ1cmwiOiJodHRwczpcL1wvaG90ZWxwcmljaG92aWNlLmN6XC93cC1jb250ZW50XC91cGxvYWRzXC8yMDIxXC8xMlwvMjY3OTU2MTI5XzQ1MjAxNjQ5MzIxODg1MV82NjMwNDI4NzUzNTkxOTczMDAwX24tMS5qcGciLCJzbGlkZXNob3ciOiIzZWU4YTlkIn0%3D\">\n\t\t\t\t\t<div class=\"e-gallery-image elementor-gallery-item__image\" data-thumbnail=\"https:\/\/hotelprichovice.cz\/wp-content\/uploads\/2021\/12\/267956129_452016493218851_6630428753591973000_n-1.jpg\" data-width=\"704\" data-height=\"960\" aria-label=\"\" role=\"img\" ><\/div>\n\t\t\t\t\t\t\t\t\t\t\t<div class=\"elementor-gallery-item__overlay\"><\/div>\n\t\t\t\t\t\t\t\t\t\t\t\t\t\t<\/a>\n\t\t\t\t\t\t\t<a class=\"e-gallery-item elementor-gallery-item elementor-animated-content\" href=\"https:\/\/hotelprichovice.cz\/wp-content\/uploads\/2021\/12\/267071623_1132831020822127_3753741074337570209_n.jpg\" data-elementor-open-lightbox=\"yes\" data-elementor-lightbox-slideshow=\"3ee8a9d\" data-elementor-lightbox-title=\"267071623_1132831020822127_3753741074337570209_n\" data-e-action-hash=\"#elementor-action%3Aaction%3Dlightbox%26settings%3DeyJpZCI6OTA4LCJ1cmwiOiJodHRwczpcL1wvaG90ZWxwcmljaG92aWNlLmN6XC93cC1jb250ZW50XC91cGxvYWRzXC8yMDIxXC8xMlwvMjY3MDcxNjIzXzExMzI4MzEwMjA4MjIxMjdfMzc1Mzc0MTA3NDMzNzU3MDIwOV9uLmpwZyIsInNsaWRlc2hvdyI6IjNlZThhOWQifQ%3D%3D\">\n\t\t\t\t\t<div class=\"e-gallery-image elementor-gallery-item__image\" data-thumbnail=\"https:\/\/hotelprichovice.cz\/wp-content\/uploads\/2021\/12\/267071623_1132831020822127_3753741074337570209_n.jpg\" data-width=\"704\" data-height=\"960\" aria-label=\"\" role=\"img\" ><\/div>\n\t\t\t\t\t\t\t\t\t\t\t<div class=\"elementor-gallery-item__overlay\"><\/div>\n\t\t\t\t\t\t\t\t\t\t\t\t\t\t<\/a>\n\t\t\t\t\t\t\t<a class=\"e-gallery-item elementor-gallery-item elementor-animated-content\" href=\"https:\/\/hotelprichovice.cz\/wp-content\/uploads\/2021\/12\/info-centrum-korenov-prichovice_4.jpg\" data-elementor-open-lightbox=\"yes\" data-elementor-lightbox-slideshow=\"3ee8a9d\" data-elementor-lightbox-title=\"info-centrum-korenov-prichovice_4\" data-e-action-hash=\"#elementor-action%3Aaction%3Dlightbox%26settings%3DeyJpZCI6OTA1LCJ1cmwiOiJodHRwczpcL1wvaG90ZWxwcmljaG92aWNlLmN6XC93cC1jb250ZW50XC91cGxvYWRzXC8yMDIxXC8xMlwvaW5mby1jZW50cnVtLWtvcmVub3YtcHJpY2hvdmljZV80LmpwZyIsInNsaWRlc2hvdyI6IjNlZThhOWQifQ%3D%3D\">\n\t\t\t\t\t<div class=\"e-gallery-image elementor-gallery-item__image\" data-thumbnail=\"https:\/\/hotelprichovice.cz\/wp-content\/uploads\/2021\/12\/info-centrum-korenov-prichovice_4-768x574.jpg\" data-width=\"768\" data-height=\"574\" aria-label=\"\" role=\"img\" ><\/div>\n\t\t\t\t\t\t\t\t\t\t\t<div class=\"elementor-gallery-item__overlay\"><\/div>\n\t\t\t\t\t\t\t\t\t\t\t\t\t\t<\/a>\n\t\t\t\t\t\t\t<a class=\"e-gallery-item elementor-gallery-item elementor-animated-content\" href=\"https:\/\/hotelprichovice.cz\/wp-content\/uploads\/2021\/12\/info-centrum-korenov-prichovice_1.jpg\" data-elementor-open-lightbox=\"yes\" data-elementor-lightbox-slideshow=\"3ee8a9d\" data-elementor-lightbox-title=\"info-centrum-korenov-prichovice_1\" data-e-action-hash=\"#elementor-action%3Aaction%3Dlightbox%26settings%3DeyJpZCI6OTAyLCJ1cmwiOiJodHRwczpcL1wvaG90ZWxwcmljaG92aWNlLmN6XC93cC1jb250ZW50XC91cGxvYWRzXC8yMDIxXC8xMlwvaW5mby1jZW50cnVtLWtvcmVub3YtcHJpY2hvdmljZV8xLmpwZyIsInNsaWRlc2hvdyI6IjNlZThhOWQifQ%3D%3D\">\n\t\t\t\t\t<div class=\"e-gallery-image elementor-gallery-item__image\" data-thumbnail=\"https:\/\/hotelprichovice.cz\/wp-content\/uploads\/2021\/12\/info-centrum-korenov-prichovice_1-768x574.jpg\" data-width=\"768\" data-height=\"574\" aria-label=\"\" role=\"img\" ><\/div>\n\t\t\t\t\t\t\t\t\t\t\t<div class=\"elementor-gallery-item__overlay\"><\/div>\n\t\t\t\t\t\t\t\t\t\t\t\t\t\t<\/a>\n\t\t\t\t\t\t\t<a class=\"e-gallery-item elementor-gallery-item elementor-animated-content\" href=\"https:\/\/hotelprichovice.cz\/wp-content\/uploads\/2021\/12\/info-centrum-korenov-prichovice_2.jpg\" data-elementor-open-lightbox=\"yes\" data-elementor-lightbox-slideshow=\"3ee8a9d\" data-elementor-lightbox-title=\"info-centrum-korenov-prichovice_2\" data-e-action-hash=\"#elementor-action%3Aaction%3Dlightbox%26settings%3DeyJpZCI6OTAzLCJ1cmwiOiJodHRwczpcL1wvaG90ZWxwcmljaG92aWNlLmN6XC93cC1jb250ZW50XC91cGxvYWRzXC8yMDIxXC8xMlwvaW5mby1jZW50cnVtLWtvcmVub3YtcHJpY2hvdmljZV8yLmpwZyIsInNsaWRlc2hvdyI6IjNlZThhOWQifQ%3D%3D\">\n\t\t\t\t\t<div class=\"e-gallery-image elementor-gallery-item__image\" data-thumbnail=\"https:\/\/hotelprichovice.cz\/wp-content\/uploads\/2021\/12\/info-centrum-korenov-prichovice_2-768x574.jpg\" data-width=\"768\" data-height=\"574\" aria-label=\"\" role=\"img\" ><\/div>\n\t\t\t\t\t\t\t\t\t\t\t<div class=\"elementor-gallery-item__overlay\"><\/div>\n\t\t\t\t\t\t\t\t\t\t\t\t\t\t<\/a>\n\t\t\t\t\t\t\t<a class=\"e-gallery-item elementor-gallery-item elementor-animated-content\" href=\"https:\/\/hotelprichovice.cz\/wp-content\/uploads\/2021\/12\/info-centrum-korenov-prichovice_3.jpg\" data-elementor-open-lightbox=\"yes\" data-elementor-lightbox-slideshow=\"3ee8a9d\" data-elementor-lightbox-title=\"info-centrum-korenov-prichovice_3\" data-e-action-hash=\"#elementor-action%3Aaction%3Dlightbox%26settings%3DeyJpZCI6OTA0LCJ1cmwiOiJodHRwczpcL1wvaG90ZWxwcmljaG92aWNlLmN6XC93cC1jb250ZW50XC91cGxvYWRzXC8yMDIxXC8xMlwvaW5mby1jZW50cnVtLWtvcmVub3YtcHJpY2hvdmljZV8zLmpwZyIsInNsaWRlc2hvdyI6IjNlZThhOWQifQ%3D%3D\">\n\t\t\t\t\t<div class=\"e-gallery-image elementor-gallery-item__image\" data-thumbnail=\"https:\/\/hotelprichovice.cz\/wp-content\/uploads\/2021\/12\/info-centrum-korenov-prichovice_3-768x574.jpg\" data-width=\"768\" data-height=\"574\" aria-label=\"\" role=\"img\" ><\/div>\n\t\t\t\t\t\t\t\t\t\t\t<div class=\"elementor-gallery-item__overlay\"><\/div>\n\t\t\t\t\t\t\t\t\t\t\t\t\t\t<\/a>\n\t\t\t\t\t\t\t<a class=\"e-gallery-item elementor-gallery-item elementor-animated-content\" href=\"https:\/\/hotelprichovice.cz\/wp-content\/uploads\/2021\/12\/265508445_326530475722332_6256888409093626924_n.jpg\" data-elementor-open-lightbox=\"yes\" data-elementor-lightbox-slideshow=\"3ee8a9d\" data-elementor-lightbox-title=\"265508445_326530475722332_6256888409093626924_n\" data-e-action-hash=\"#elementor-action%3Aaction%3Dlightbox%26settings%3DeyJpZCI6OTA3LCJ1cmwiOiJodHRwczpcL1wvaG90ZWxwcmljaG92aWNlLmN6XC93cC1jb250ZW50XC91cGxvYWRzXC8yMDIxXC8xMlwvMjY1NTA4NDQ1XzMyNjUzMDQ3NTcyMjMzMl82MjU2ODg4NDA5MDkzNjI2OTI0X24uanBnIiwic2xpZGVzaG93IjoiM2VlOGE5ZCJ9\">\n\t\t\t\t\t<div class=\"e-gallery-image elementor-gallery-item__image\" data-thumbnail=\"https:\/\/hotelprichovice.cz\/wp-content\/uploads\/2021\/12\/265508445_326530475722332_6256888409093626924_n-768x574.jpg\" data-width=\"768\" data-height=\"574\" aria-label=\"\" role=\"img\" ><\/div>\n\t\t\t\t\t\t\t\t\t\t\t<div class=\"elementor-gallery-item__overlay\"><\/div>\n\t\t\t\t\t\t\t\t\t\t\t\t\t\t<\/a>\n\t\t\t\t\t\t\t<a class=\"e-gallery-item elementor-gallery-item elementor-animated-content\" href=\"https:\/\/hotelprichovice.cz\/wp-content\/uploads\/2021\/11\/informacni_centrum_korenov.jpeg\" data-elementor-open-lightbox=\"yes\" data-elementor-lightbox-slideshow=\"3ee8a9d\" data-elementor-lightbox-title=\"informacni_centrum_korenov\" data-e-action-hash=\"#elementor-action%3Aaction%3Dlightbox%26settings%3DeyJpZCI6NTg3LCJ1cmwiOiJodHRwczpcL1wvaG90ZWxwcmljaG92aWNlLmN6XC93cC1jb250ZW50XC91cGxvYWRzXC8yMDIxXC8xMVwvaW5mb3JtYWNuaV9jZW50cnVtX2tvcmVub3YuanBlZyIsInNsaWRlc2hvdyI6IjNlZThhOWQifQ%3D%3D\">\n\t\t\t\t\t<div class=\"e-gallery-image elementor-gallery-item__image\" data-thumbnail=\"https:\/\/hotelprichovice.cz\/wp-content\/uploads\/2021\/11\/informacni_centrum_korenov-768x576.jpeg\" data-width=\"768\" data-height=\"576\" aria-label=\"\" role=\"img\" ><\/div>\n\t\t\t\t\t\t\t\t\t\t\t<div class=\"elementor-gallery-item__overlay\"><\/div>\n\t\t\t\t\t\t\t\t\t\t\t\t\t\t<\/a>\n\t\t\t\t\t<\/div>\n\t\t\t\t\t<\/div>\n\t\t\t\t\t<\/div>\n\t\t<\/div>\n\t\t\t\t\t<\/div>\n\t\t<\/section>\n\t\t\t\t<\/div>\n\t\t","protected":false},"excerpt":{"rendered":"<p>Centrum Informacyjne Hotel P\u0159\u00edchovice znajduje si\u0119 w Centrum Informacyjnym Korenov. Godziny pracyPoniedzia\u0142ek &#8211; S\u0142o\u0144ce: od 09:00 do 17:00 (w tym \u015bwi\u0119ta pa\u0144stwowe) Adres kontaktowy:IC Ko\u0159enov \u2013 Jizerky pro V\u00e1sKo\u0159enov 480, 468 49tel.: +420 725 805 266mail: ic@jizerkyprovas.cz Link do mapy tutajWsp\u00f3\u0142rz\u0119dne GPS: Loc: 50\u00b045\u201917.362\u2033N, 15\u00b021\u201929.979\u2033E Centrum Informacji udziela informacji na temat: Korenov i region Lokalizacja [&hellip;]<\/p>\n","protected":false},"author":1,"featured_media":0,"parent":0,"menu_order":0,"comment_status":"closed","ping_status":"closed","template":"","meta":{"footnotes":""},"class_list":["post-1382","page","type-page","status-publish","hentry"],"yoast_head":"<!-- This site is optimized with the Yoast SEO plugin v26.6 - https:\/\/yoast.com\/wordpress\/plugins\/seo\/ -->\n<title>Centrum Informacyjne - Hotel P\u0159\u00edchovice<\/title>\n<meta name=\"robots\" content=\"index, follow, max-snippet:-1, max-image-preview:large, max-video-preview:-1\" \/>\n<link rel=\"canonical\" href=\"https:\/\/hotelprichovice.cz\/pl\/centrum-informacyjne\/\" \/>\n<meta property=\"og:locale\" content=\"pl_PL\" \/>\n<meta property=\"og:type\" content=\"article\" \/>\n<meta property=\"og:title\" content=\"Centrum Informacyjne - Hotel P\u0159\u00edchovice\" \/>\n<meta property=\"og:description\" content=\"Centrum Informacyjne Hotel P\u0159\u00edchovice znajduje si\u0119 w Centrum Informacyjnym Korenov. Godziny pracyPoniedzia\u0142ek &#8211; S\u0142o\u0144ce: od 09:00 do 17:00 (w tym \u015bwi\u0119ta pa\u0144stwowe) Adres kontaktowy:IC Ko\u0159enov \u2013 Jizerky pro V\u00e1sKo\u0159enov 480, 468 49tel.: +420 725 805 266mail: ic@jizerkyprovas.cz Link do mapy tutajWsp\u00f3\u0142rz\u0119dne GPS: Loc: 50\u00b045\u201917.362\u2033N, 15\u00b021\u201929.979\u2033E Centrum Informacji udziela informacji na temat: Korenov i region Lokalizacja [&hellip;]\" \/>\n<meta property=\"og:url\" content=\"https:\/\/hotelprichovice.cz\/pl\/centrum-informacyjne\/\" \/>\n<meta property=\"og:site_name\" content=\"Hotel P\u0159\u00edchovice\" \/>\n<meta property=\"article:publisher\" content=\"https:\/\/www.facebook.com\/hotelprichovice.cz\/\" \/>\n<meta property=\"article:modified_time\" content=\"2021-12-28T07:19:59+00:00\" \/>\n<meta name=\"twitter:card\" content=\"summary_large_image\" \/>\n<meta name=\"twitter:label1\" content=\"Szacowany czas czytania\" \/>\n\t<meta name=\"twitter:data1\" content=\"1 minuta\" \/>\n<script type=\"application\/ld+json\" class=\"yoast-schema-graph\">{\"@context\":\"https:\/\/schema.org\",\"@graph\":[{\"@type\":\"WebPage\",\"@id\":\"https:\/\/hotelprichovice.cz\/pl\/centrum-informacyjne\/\",\"url\":\"https:\/\/hotelprichovice.cz\/pl\/centrum-informacyjne\/\",\"name\":\"Centrum Informacyjne - Hotel P\u0159\u00edchovice\",\"isPartOf\":{\"@id\":\"https:\/\/hotelprichovice.cz\/#website\"},\"datePublished\":\"2021-12-18T10:23:56+00:00\",\"dateModified\":\"2021-12-28T07:19:59+00:00\",\"breadcrumb\":{\"@id\":\"https:\/\/hotelprichovice.cz\/pl\/centrum-informacyjne\/#breadcrumb\"},\"inLanguage\":\"pl-PL\",\"potentialAction\":[{\"@type\":\"ReadAction\",\"target\":[\"https:\/\/hotelprichovice.cz\/pl\/centrum-informacyjne\/\"]}]},{\"@type\":\"BreadcrumbList\",\"@id\":\"https:\/\/hotelprichovice.cz\/pl\/centrum-informacyjne\/#breadcrumb\",\"itemListElement\":[{\"@type\":\"ListItem\",\"position\":1,\"name\":\"Dom\u016f\",\"item\":\"https:\/\/hotelprichovice.cz\/\"},{\"@type\":\"ListItem\",\"position\":2,\"name\":\"Centrum Informacyjne\"}]},{\"@type\":\"WebSite\",\"@id\":\"https:\/\/hotelprichovice.cz\/#website\",\"url\":\"https:\/\/hotelprichovice.cz\/\",\"name\":\"Hotel P\u0159\u00edchovice\",\"description\":\"Horsk\u00fd hotel na pomez\u00ed Krkono\u0161 a Jizersk\u00fdch hor\",\"publisher\":{\"@id\":\"https:\/\/hotelprichovice.cz\/#organization\"},\"potentialAction\":[{\"@type\":\"SearchAction\",\"target\":{\"@type\":\"EntryPoint\",\"urlTemplate\":\"https:\/\/hotelprichovice.cz\/?s={search_term_string}\"},\"query-input\":{\"@type\":\"PropertyValueSpecification\",\"valueRequired\":true,\"valueName\":\"search_term_string\"}}],\"inLanguage\":\"pl-PL\"},{\"@type\":\"Organization\",\"@id\":\"https:\/\/hotelprichovice.cz\/#organization\",\"name\":\"Hotel P\u0159\u00edchovice\",\"url\":\"https:\/\/hotelprichovice.cz\/\",\"logo\":{\"@type\":\"ImageObject\",\"inLanguage\":\"pl-PL\",\"@id\":\"https:\/\/hotelprichovice.cz\/#\/schema\/logo\/image\/\",\"url\":\"https:\/\/hotelprichovice.cz\/wp-content\/uploads\/2021\/10\/hotel_pr\u030ci\u0301chovice_logo-01.svg\",\"contentUrl\":\"https:\/\/hotelprichovice.cz\/wp-content\/uploads\/2021\/10\/hotel_pr\u030ci\u0301chovice_logo-01.svg\",\"width\":388,\"height\":163,\"caption\":\"Hotel P\u0159\u00edchovice\"},\"image\":{\"@id\":\"https:\/\/hotelprichovice.cz\/#\/schema\/logo\/image\/\"},\"sameAs\":[\"https:\/\/www.facebook.com\/hotelprichovice.cz\/\",\"https:\/\/www.instagram.com\/hotelprichovice\/\",\"https:\/\/youtu.be\/jB-XLSn4wPc\"]}]}<\/script>\n<!-- \/ Yoast SEO plugin. -->","yoast_head_json":{"title":"Centrum Informacyjne - Hotel P\u0159\u00edchovice","robots":{"index":"index","follow":"follow","max-snippet":"max-snippet:-1","max-image-preview":"max-image-preview:large","max-video-preview":"max-video-preview:-1"},"canonical":"https:\/\/hotelprichovice.cz\/pl\/centrum-informacyjne\/","og_locale":"pl_PL","og_type":"article","og_title":"Centrum Informacyjne - Hotel P\u0159\u00edchovice","og_description":"Centrum Informacyjne Hotel P\u0159\u00edchovice znajduje si\u0119 w Centrum Informacyjnym Korenov. Godziny pracyPoniedzia\u0142ek &#8211; S\u0142o\u0144ce: od 09:00 do 17:00 (w tym \u015bwi\u0119ta pa\u0144stwowe) Adres kontaktowy:IC Ko\u0159enov \u2013 Jizerky pro V\u00e1sKo\u0159enov 480, 468 49tel.: +420 725 805 266mail: ic@jizerkyprovas.cz Link do mapy tutajWsp\u00f3\u0142rz\u0119dne GPS: Loc: 50\u00b045\u201917.362\u2033N, 15\u00b021\u201929.979\u2033E Centrum Informacji udziela informacji na temat: Korenov i region Lokalizacja [&hellip;]","og_url":"https:\/\/hotelprichovice.cz\/pl\/centrum-informacyjne\/","og_site_name":"Hotel P\u0159\u00edchovice","article_publisher":"https:\/\/www.facebook.com\/hotelprichovice.cz\/","article_modified_time":"2021-12-28T07:19:59+00:00","twitter_card":"summary_large_image","twitter_misc":{"Szacowany czas czytania":"1 minuta"},"schema":{"@context":"https:\/\/schema.org","@graph":[{"@type":"WebPage","@id":"https:\/\/hotelprichovice.cz\/pl\/centrum-informacyjne\/","url":"https:\/\/hotelprichovice.cz\/pl\/centrum-informacyjne\/","name":"Centrum Informacyjne - Hotel P\u0159\u00edchovice","isPartOf":{"@id":"https:\/\/hotelprichovice.cz\/#website"},"datePublished":"2021-12-18T10:23:56+00:00","dateModified":"2021-12-28T07:19:59+00:00","breadcrumb":{"@id":"https:\/\/hotelprichovice.cz\/pl\/centrum-informacyjne\/#breadcrumb"},"inLanguage":"pl-PL","potentialAction":[{"@type":"ReadAction","target":["https:\/\/hotelprichovice.cz\/pl\/centrum-informacyjne\/"]}]},{"@type":"BreadcrumbList","@id":"https:\/\/hotelprichovice.cz\/pl\/centrum-informacyjne\/#breadcrumb","itemListElement":[{"@type":"ListItem","position":1,"name":"Dom\u016f","item":"https:\/\/hotelprichovice.cz\/"},{"@type":"ListItem","position":2,"name":"Centrum Informacyjne"}]},{"@type":"WebSite","@id":"https:\/\/hotelprichovice.cz\/#website","url":"https:\/\/hotelprichovice.cz\/","name":"Hotel P\u0159\u00edchovice","description":"Horsk\u00fd hotel na pomez\u00ed Krkono\u0161 a Jizersk\u00fdch hor","publisher":{"@id":"https:\/\/hotelprichovice.cz\/#organization"},"potentialAction":[{"@type":"SearchAction","target":{"@type":"EntryPoint","urlTemplate":"https:\/\/hotelprichovice.cz\/?s={search_term_string}"},"query-input":{"@type":"PropertyValueSpecification","valueRequired":true,"valueName":"search_term_string"}}],"inLanguage":"pl-PL"},{"@type":"Organization","@id":"https:\/\/hotelprichovice.cz\/#organization","name":"Hotel P\u0159\u00edchovice","url":"https:\/\/hotelprichovice.cz\/","logo":{"@type":"ImageObject","inLanguage":"pl-PL","@id":"https:\/\/hotelprichovice.cz\/#\/schema\/logo\/image\/","url":"https:\/\/hotelprichovice.cz\/wp-content\/uploads\/2021\/10\/hotel_pr\u030ci\u0301chovice_logo-01.svg","contentUrl":"https:\/\/hotelprichovice.cz\/wp-content\/uploads\/2021\/10\/hotel_pr\u030ci\u0301chovice_logo-01.svg","width":388,"height":163,"caption":"Hotel P\u0159\u00edchovice"},"image":{"@id":"https:\/\/hotelprichovice.cz\/#\/schema\/logo\/image\/"},"sameAs":["https:\/\/www.facebook.com\/hotelprichovice.cz\/","https:\/\/www.instagram.com\/hotelprichovice\/","https:\/\/youtu.be\/jB-XLSn4wPc"]}]}},"_links":{"self":[{"href":"https:\/\/hotelprichovice.cz\/pl\/wp-json\/wp\/v2\/pages\/1382","targetHints":{"allow":["GET"]}}],"collection":[{"href":"https:\/\/hotelprichovice.cz\/pl\/wp-json\/wp\/v2\/pages"}],"about":[{"href":"https:\/\/hotelprichovice.cz\/pl\/wp-json\/wp\/v2\/types\/page"}],"author":[{"embeddable":true,"href":"https:\/\/hotelprichovice.cz\/pl\/wp-json\/wp\/v2\/users\/1"}],"replies":[{"embeddable":true,"href":"https:\/\/hotelprichovice.cz\/pl\/wp-json\/wp\/v2\/comments?post=1382"}],"version-history":[{"count":0,"href":"https:\/\/hotelprichovice.cz\/pl\/wp-json\/wp\/v2\/pages\/1382\/revisions"}],"wp:attachment":[{"href":"https:\/\/hotelprichovice.cz\/pl\/wp-json\/wp\/v2\/media?parent=1382"}],"curies":[{"name":"wp","href":"https:\/\/api.w.org\/{rel}","templated":true}]}}